{"id":36,"date":"2016-04-01T21:16:13","date_gmt":"2016-04-02T01:16:13","guid":{"rendered":"https:\/\/dereckpilonfleurent.com\/?page_id=36"},"modified":"2021-01-16T20:40:25","modified_gmt":"2021-01-17T00:40:25","slug":"technical-artist","status":"publish","type":"page","link":"https:\/\/dereckpilonfleurent.com\/?page_id=36","title":{"rendered":"Projects"},"content":{"rendered":"\n<div class=\"wp-block-columns is-layout-flex wp-container-core-columns-is-layout-9d6595d7 wp-block-columns-is-layout-flex\">\n<div class=\"wp-block-column is-layout-flow wp-block-column-is-layout-flow\" style=\"flex-basis:33.33%\">\n<h2 class=\"wp-block-heading\">The Beachbuds<\/h2>\n\n\n\n<p>TV SERIES | 52 X 11 MINUTES <br><em><strong>J-Toon Productions USA, Inc. | PKDI<\/strong><\/em><\/p>\n\n\n\n<p>Welcome to the tropical island paradise known as the Zoobak Resort, home of world-class hospitality provided by The Beachbuds. These exotic birds are the funniest feathered friends to ever serve you. When they&#8217;re not busy giving guests their best day ever, they get into zany adventures the whole family will enjoy watching. Every episode is a vacation that you&#8217;ll never want to end.<\/p>\n\n\n\n<p><strong>For sales inquiry :<\/strong><br>Iskander Tjahjadi<br><a href=\"mailto:iskander@beachbuds.com\">iskander@beachbuds.com<\/a><\/p>\n<\/div>\n\n\n\n<div class=\"wp-block-column is-layout-flow wp-block-column-is-layout-flow\" style=\"flex-basis:66.66%\">\n<figure class=\"wp-block-embed is-type-video is-provider-vimeo wp-block-embed-vimeo wp-embed-aspect-16-9 wp-has-aspect-ratio\"><div class=\"wp-block-embed__wrapper\">\n<iframe loading=\"lazy\" title=\"The Beachbuds | Demo Reel\" src=\"https:\/\/player.vimeo.com\/video\/472631995?dnt=1&amp;app_id=122963\" width=\"821\" height=\"462\" frameborder=\"0\" allow=\"autoplay; fullscreen; picture-in-picture\" allowfullscreen><\/iframe>\n<\/div><\/figure>\n\n\n\n<p><em>My roles :&nbsp;<strong>Animator technical director (Anim TD)<\/strong><\/em><\/p>\n\n\n\n<p>Troubleshooting, technical support and technical assistance from a team of 34 facilitators; Design and animation of several technical training courses; Creation of documentation for the animation team.<\/p>\n\n\n\n<p><br>Responsible for creating work tools for 3D animators and layout artists; Maintain, improve and automate existing pipeline tools and pipeline animation; Troubleshooting and technical alterations in animation scenes; Reviewed code in Bitbucket using Sourcetree and Shotgun while keeping track of my tasks in Jira.<\/p>\n\n\n\n<p><a href=\"https:\/\/fr.saturdayanimation.com\/beachbuds\">https:\/\/fr.saturdayanimation.com\/beachbuds<\/a><\/p>\n<\/div>\n<\/div>\n\n\n\n<div class=\"wp-block-columns is-layout-flex wp-container-core-columns-is-layout-9d6595d7 wp-block-columns-is-layout-flex\">\n<div class=\"wp-block-column is-layout-flow wp-block-column-is-layout-flow\" style=\"flex-basis:33.33%\">\n<h2 class=\"wp-block-heading\">What&#8217;s your Story<\/h2>\n\n\n\n<p>Mobile Game<\/p>\n\n\n\n<p>Don\u2019t just watch it \u2013 Live It!<\/p>\n\n\n\n<p>If you\u2019ve ever wanted to be in your favorite TV show or movie, then What\u2019s Your Story is for YOU! Every choice you make takes the story in a new direction.<\/p>\n\n\n\n<p>Make your choices from the beginning:<\/p>\n\n\n\n<p>&#8211; Choose your path: Encounter Special Choices to discover who you are. One choice can change everything!<br>&#8211; Choose who you are: Be yourself and create your avatar for every story! Unlock new outfits and accessories as you go.<br>&#8211; Choose who you love: Express yourself and who you love in What\u2019s Your Story!<\/p>\n\n\n\n<p>Privacy policy can be found at <a href=\"https:\/\/legal.ludia.net\/mobile\/2019-2\/privacyen.html\">https:\/\/legal.ludia.net\/mobile\/2019-2\/privacyen.html<\/a><\/p>\n\n\n\n<p>Terms of service can be found at <a href=\"https:\/\/legal.ludia.net\/mobile\/2019-2\/termsen.html\">https:\/\/legal.ludia.net\/mobile\/2019-2\/termsen.html<\/a><\/p>\n\n\n\n<p><a href=\"http:\/\/legal.ludia.net\/mobile\/wys\/legal.html\">http:\/\/legal.ludia.net\/mobile\/wys\/legal.html<\/a><\/p>\n\n\n\n<p>By installing this application you agree to the terms of the licensed agreements.<\/p>\n<\/div>\n\n\n\n<div class=\"wp-block-column is-layout-flow wp-block-column-is-layout-flow\" style=\"flex-basis:66.66%\">\n<figure class=\"wp-block-embed is-type-video is-provider-youtube wp-block-embed-youtube wp-embed-aspect-16-9 wp-has-aspect-ratio\"><div class=\"wp-block-embed__wrapper\">\n<iframe loading=\"lazy\" title=\"What&#039;s Your Story? | Official Trailer\" width=\"821\" height=\"462\" src=\"https:\/\/www.youtube.com\/embed\/LsdQdUo4-yc?feature=oembed\" frameborder=\"0\" allow=\"accelerometer; autoplay; clipboard-write; encrypted-media; gyroscope; picture-in-picture\" allowfullscreen><\/iframe>\n<\/div><\/figure>\n\n\n\n<p><em>My roles :&nbsp;<strong><strong>Technical artist Unity<\/strong><\/strong><\/em><\/p>\n\n\n\n<p>Responsible for bridging the gap between the artistic department and the developers; Technically support a team of 23 artists; Create documentation and train artists with new technologies; Help artists upgrade in Unity and Perforce, as well as provide technical support for the creative and marketing team.<\/p>\n\n\n\n<p>Perfect the artistic pipeline and work tools; Responsible for shaders; Responsible for making the VFX.<\/p>\n\n\n\n<p><a href=\"https:\/\/play.google.com\/store\/apps\/details?id=com.ludia.story&amp;hl=en_CA&amp;gl=US\">https:\/\/play.google.com\/store\/apps\/details?id=com.ludia.story&amp;hl=en_CA&amp;gl=US<\/a><\/p>\n<\/div>\n<\/div>\n\n\n\n<div class=\"wp-block-columns is-layout-flex wp-container-core-columns-is-layout-9d6595d7 wp-block-columns-is-layout-flex\">\n<div class=\"wp-block-column is-layout-flow wp-block-column-is-layout-flow\" style=\"flex-basis:33.33%\">\n<h2 class=\"wp-block-heading\">PLAYMOBIL: THE MOVIE<\/h2>\n\n\n\n<p>Animated feature film <\/p>\n\n\n\n<p>Plongez dans une com\u00e9die d&#8217;action rocambolesque avec les figurines PLAYMOBIL<sup>\u00ae<\/sup><\/p>\n\n\n\n<p>Lorsque son petit fr\u00e8re Charlie dispara\u00eet dans l&#8217;univers magique et anim\u00e9 des Playmobil, Marla se lance dans une qu\u00eate hors du commun pour le retrouver ! C&#8217;est le d\u00e9but d&#8217;une aventure pleine d&#8217;action et d&#8217;humour o\u00f9 Marla fera des rencontres inoubliables : un sympathique vendeur ambulant qui vit dans un food truck, un agent secret \u00e9l\u00e9gant et charismatique, un affectueux petit robot et une bonne f\u00e9e fantasque seront autant de nouveaux amis qui l&#8217;aideront \u00e0 \u00e9chapper aux dangers qui la guettent.&nbsp;<br><br>R\u00e9alis\u00e9 par&nbsp;Lino DiSalvo<br>Ecrit par&nbsp;Blaise Hemingway, Jason Oremland, Greg Erb &amp; Lino DiSalvo<br>Directeur Artistique&nbsp;R\u00e9mi Salmon<br>Musique Originale&nbsp;Heitor Pereira<\/p>\n\n\n\n<p>Sortie le 7 ao\u00fbt 2019 au cin\u00e9ma&nbsp;<\/p>\n\n\n\n<p><em>Copyright provisoire&nbsp;<br>\u00a9 2019 &#8211; 2.9 Film Holding &#8211; morgen production&nbsp;<\/em><\/p>\n\n\n\n<p><\/p>\n<\/div>\n\n\n\n<div class=\"wp-block-column is-layout-flow wp-block-column-is-layout-flow\" style=\"flex-basis:66.66%\">\n<figure class=\"wp-block-embed is-type-video is-provider-youtube wp-block-embed-youtube wp-embed-aspect-16-9 wp-has-aspect-ratio\"><div class=\"wp-block-embed__wrapper\">\n<iframe loading=\"lazy\" title=\"PLAYMOBIL: THE MOVIE - Official Teaser Trailer\" width=\"821\" height=\"462\" src=\"https:\/\/www.youtube.com\/embed\/K-C1ys02wlU?feature=oembed\" frameborder=\"0\" allow=\"accelerometer; autoplay; clipboard-write; encrypted-media; gyroscope; picture-in-picture\" allowfullscreen><\/iframe>\n<\/div><\/figure>\n\n\n\n<p><em>My roles :&nbsp;<strong>Layout Technical Artist <\/strong><\/em><\/p>\n\n\n\n<p>Prepare scenes for the animators and the Pr\u00e9viz team; Make the dressing set for the scenes; Develop scripts to speed up team productivity; Textured and Colored the characters; Worked with Linux with Maya and Guerrilla.<\/p>\n<\/div>\n<\/div>\n\n\n\n<div class=\"wp-block-columns is-layout-flex wp-container-core-columns-is-layout-9d6595d7 wp-block-columns-is-layout-flex\">\n<div class=\"wp-block-column is-layout-flow wp-block-column-is-layout-flow\" style=\"flex-basis:33.33%\">\n<h2 class=\"wp-block-heading\"><strong>Big Little Lie<\/strong><\/h2>\n\n\n\n<p>TV Series |season 1 <\/p>\n\n\n\n<p>The apparently perfect lives of upper-class mothers, at a prestigious elementary school, unravel to the point of murder when a single-mother moves to their quaint Californian beach town.<\/p>\n\n\n\n<p><a href=\"https:\/\/www.imdb.com\/title\/tt3920596\/\">https:\/\/www.imdb.com\/title\/tt3920596\/<\/a><\/p>\n<\/div>\n\n\n\n<div class=\"wp-block-column is-layout-flow wp-block-column-is-layout-flow\" style=\"flex-basis:66.66%\">\n<figure class=\"wp-block-embed is-type-video is-provider-vimeo wp-block-embed-vimeo wp-embed-aspect-16-9 wp-has-aspect-ratio\"><div class=\"wp-block-embed__wrapper\">\n<iframe loading=\"lazy\" title=\"Big Little Lies VFX Demo | 2017\" src=\"https:\/\/player.vimeo.com\/video\/261155621?dnt=1&amp;app_id=122963\" width=\"821\" height=\"462\" frameborder=\"0\" allow=\"autoplay; fullscreen; picture-in-picture\" allowfullscreen><\/iframe>\n<\/div><\/figure>\n\n\n\n<p><em>My roles :&nbsp;<strong>Technical Artist \/ Rigger<\/strong><\/em><\/p>\n\n\n\n<p>Rig assets; Troubleshooting and technical alterations in animation scenes;<\/p>\n<\/div>\n<\/div>\n\n\n\n<div class=\"wp-block-columns is-layout-flex wp-container-core-columns-is-layout-9d6595d7 wp-block-columns-is-layout-flex\">\n<div class=\"wp-block-column is-layout-flow wp-block-column-is-layout-flow\" style=\"flex-basis:33.33%\">\n<h2 class=\"wp-block-heading\">Jerry and the Raiders&nbsp;<\/h2>\n\n\n\n<p>TV Series |26 x 11 MINUTES<\/p>\n\n\n\n<p>Jerry&#8217;s life spins comically out of control when his two lame toy action figures, the Raiders, come to life.<\/p>\n\n\n\n<p><a href=\"https:\/\/www.imdb.com\/title\/tt6024038\/\">https:\/\/www.imdb.com\/title\/tt6024038\/<\/a><\/p>\n<\/div>\n\n\n\n<div class=\"wp-block-column is-layout-flow wp-block-column-is-layout-flow\" style=\"flex-basis:66.66%\">\n<figure class=\"wp-block-embed is-type-video is-provider-youtube wp-block-embed-youtube wp-embed-aspect-16-9 wp-has-aspect-ratio\"><div class=\"wp-block-embed__wrapper\">\n<iframe loading=\"lazy\" title=\"Jerry And The Raiders\/\/2016 Season 1\/\/episode 1- The Mighty Drip\" width=\"821\" height=\"462\" src=\"https:\/\/www.youtube.com\/embed\/BACEf3HDvBA?feature=oembed\" frameborder=\"0\" allow=\"accelerometer; autoplay; clipboard-write; encrypted-media; gyroscope; picture-in-picture\" allowfullscreen><\/iframe>\n<\/div><\/figure>\n\n\n\n<p><em>My roles :&nbsp;<strong>Technical Artist \/ Rigger<\/strong><\/em><\/p>\n\n\n\n<p>Rig characters and assets; Take care of renderings and quality control; Troubleshooting and technical alterations in animation scenes; Generate assets, light sets and bundle packages in Unity; Create and manage particle systems using Unity; Take care of the multimedia integration of the website.<\/p>\n<\/div>\n<\/div>\n\n\n\n<div class=\"wp-block-columns is-layout-flex wp-container-core-columns-is-layout-9d6595d7 wp-block-columns-is-layout-flex\">\n<div class=\"wp-block-column is-layout-flow wp-block-column-is-layout-flow\" style=\"flex-basis:33.33%\">\n<h1 class=\"wp-block-heading\">Tourment<\/h1>\n\n\n\n<p>simulation | 4:45 min<\/p>\n\n\n\n<p>&nbsp;&#8220;Virtual reality experience with the Oculus Rift DK2 developed on Unreal Engine 4 for our synthesis project. The project was problematic:How to represent the emotional state experienced during a nightmare with immersive and contemplative processes?<\/p>\n\n\n\n<p>Our goal was the immersion of the viewer with the Oculus Rift and the creation of a physical installation. In addition, our secondary goal was to live a contemplative experience. Finally, our last objective was to live such complex emotions: fear, anguish, anxiety, suffocation, misunderstanding, dizziness, pleasure, safety and welfare. The project was completed in 5 weeks.&#8221;<\/p>\n\n\n\n<p><strong>Created in collaboration with<\/strong><\/p>\n\n\n\n<p><em>Sound team (UDEM) :<\/em><\/p>\n\n\n\n<p>Maxime Aub\u00e9 (Sound Designer \/ Sound Leader)<br>David Ledoux (Composer)<br>Alexandre Poirier (Sound Designer)<br>\u00c9douard Blain (Sound Designer)<br>Adrien Raguin (Sound Designer)<\/p>\n\n\n\n<p><em>Creative team(UQAT) :<\/em><\/p>\n\n\n\n<p>Shano Regaudie (3D Artist \u2013 Bedroom environment \/field)<br>Christopher Perron (3D Artist\u2013 bedroom \/ lighting \/ optimization)<br>Nicolas Goulet Morissette (3D Artist\u2013 Forest \/ snow)<br>Dereck Pilon Fleurent (Technical Artist\/ Occulus Rift \/ Team Lead)<\/p>\n<\/div>\n\n\n\n<div class=\"wp-block-column is-layout-flow wp-block-column-is-layout-flow\" style=\"flex-basis:66.66%\">\n<figure class=\"wp-block-embed is-type-video is-provider-youtube wp-block-embed-youtube wp-embed-aspect-16-9 wp-has-aspect-ratio\"><div class=\"wp-block-embed__wrapper\">\n<iframe loading=\"lazy\" title=\"Tourment Demo\" width=\"821\" height=\"462\" src=\"https:\/\/www.youtube.com\/embed\/aEKDrrEnhhk?feature=oembed\" frameborder=\"0\" allow=\"accelerometer; autoplay; clipboard-write; encrypted-media; gyroscope; picture-in-picture\" allowfullscreen><\/iframe>\n<\/div><\/figure>\n\n\n\n<p><em>My roles :&nbsp;<strong>Technical Artist and Team Lead<\/strong><\/em><\/p>\n\n\n\n<p><em><br>As the technical artist, I was in charge of everything related to the Occulus Rift, the <\/em>technical aspect of the project by integrating narrative elements, blueprints and the path of the camera.<br><br>As the team lead, I was in charge of all team meetings<em> and communications, mediating disagreements and making sure we stayed on schedule. Most importantly, I was the face of the project, presenting it to professionals and festivals, which brought some attention to the project.<\/em><\/p>\n\n\n\n<p><br><strong>Awards:<\/strong><br><a href=\"http:\/\/www.mutek.org\/en\/vr_salon\/2016\/artworks\/43\">VR Exposition Festival Mutek | Zone 3 | VR Salon #2<\/a><\/p>\n<\/div>\n<\/div>\n\n\n\n<div class=\"wp-block-columns is-layout-flex wp-container-core-columns-is-layout-9d6595d7 wp-block-columns-is-layout-flex\">\n<div class=\"wp-block-column is-layout-flow wp-block-column-is-layout-flow\" style=\"flex-basis:33.33%\">\n<h1 class=\"wp-block-heading\">Ubisoft \u2013 Game Lab Competition 2015<\/h1>\n\n\n\n<p>An explorative and action game where the two players work together to control the submarine in its underwater exploration.<\/p>\n\n\n\n<p><strong>Created in collaboration with<\/strong><\/p>\n\n\n\n<p>Programmation Team (UQAC) :<\/p>\n\n\n\n<p>Taiki Hagiwara (Programmer)<br>Guillaume Dumond (Programmer)<br>Martin Savard (Programmer)<br>Gabriel H\u00e9bert (Programmer)<\/p>\n\n\n\n<p>creative team (UQAT) :<\/p>\n\n\n\n<p>Isabelle Aubin (3D Artist)<br>Olivier Roy (3D Artist)<br>Dereck Pilon Fleurent (3D Artist)<\/p>\n\n\n\n<p>independant :<br>Dominic Gendron (Sound Designer)<\/p>\n<\/div>\n\n\n\n<div class=\"wp-block-column is-layout-flow wp-block-column-is-layout-flow\" style=\"flex-basis:66.66%\">\n<figure class=\"wp-block-embed is-type-video is-provider-youtube wp-block-embed-youtube wp-embed-aspect-16-9 wp-has-aspect-ratio\"><div class=\"wp-block-embed__wrapper\">\n<iframe loading=\"lazy\" title=\"Somewhere Beneath the Sea\" width=\"821\" height=\"462\" src=\"https:\/\/www.youtube.com\/embed\/3oG4o648qAI?feature=oembed\" frameborder=\"0\" allow=\"accelerometer; autoplay; clipboard-write; encrypted-media; gyroscope; picture-in-picture\" allowfullscreen><\/iframe>\n<\/div><\/figure>\n\n\n\n<p><em>My role :&nbsp;<strong>3D Generalist<\/strong><\/em><\/p>\n\n\n\n<p><em><br>As a 3d generalist i did in this project the integration, part of level designer (Cavern maze), help to elaborate the game design and I was in charge of the team communications between programers, 3D artists and the 2 mentors of Ubisoft Montr\u00e9al.<\/em><\/p>\n\n\n\n<p><strong>Nominations :<\/strong><\/p>\n\n\n\n<ul class=\"wp-block-list\"><li><em>Best Quality of the \u00ab 3C \u00bb (camera, characters and controls)<\/em><\/li><li><em>Best Creativity and Theme Integration<\/em><\/li><li><em>Jury\u2019s Special Award<\/em><\/li><\/ul>\n\n\n\n<p><\/p>\n<\/div>\n<\/div>\n\n\n\n<p><\/p>\n","protected":false},"excerpt":{"rendered":"<p>&hellip;<\/p>\n","protected":false},"author":1,"featured_media":0,"parent":0,"menu_order":0,"comment_status":"closed","ping_status":"closed","template":"","meta":{"footnotes":""},"class_list":["post-36","page","type-page","status-publish","hentry"],"_links":{"self":[{"href":"https:\/\/dereckpilonfleurent.com\/index.php?rest_route=\/wp\/v2\/pages\/36","targetHints":{"allow":["GET"]}}],"collection":[{"href":"https:\/\/dereckpilonfleurent.com\/index.php?rest_route=\/wp\/v2\/pages"}],"about":[{"href":"https:\/\/dereckpilonfleurent.com\/index.php?rest_route=\/wp\/v2\/types\/page"}],"author":[{"embeddable":true,"href":"https:\/\/dereckpilonfleurent.com\/index.php?rest_route=\/wp\/v2\/users\/1"}],"replies":[{"embeddable":true,"href":"https:\/\/dereckpilonfleurent.com\/index.php?rest_route=%2Fwp%2Fv2%2Fcomments&post=36"}],"version-history":[{"count":156,"href":"https:\/\/dereckpilonfleurent.com\/index.php?rest_route=\/wp\/v2\/pages\/36\/revisions"}],"predecessor-version":[{"id":727,"href":"https:\/\/dereckpilonfleurent.com\/index.php?rest_route=\/wp\/v2\/pages\/36\/revisions\/727"}],"wp:attachment":[{"href":"https:\/\/dereckpilonfleurent.com\/index.php?rest_route=%2Fwp%2Fv2%2Fmedia&parent=36"}],"curies":[{"name":"wp","href":"https:\/\/api.w.org\/{rel}","templated":true}]}}