{"id":42,"date":"2016-04-01T21:53:05","date_gmt":"2016-04-02T01:53:05","guid":{"rendered":"https:\/\/dereckpilonfleurent.com\/?page_id=42"},"modified":"2021-01-16T20:38:47","modified_gmt":"2021-01-17T00:38:47","slug":"a-propos","status":"publish","type":"page","link":"https:\/\/dereckpilonfleurent.com\/?page_id=42","title":{"rendered":"About Me"},"content":{"rendered":"\n<div class=\"wp-block-columns is-layout-flex wp-container-core-columns-is-layout-9d6595d7 wp-block-columns-is-layout-flex\">\n<div class=\"wp-block-column is-layout-flow wp-block-column-is-layout-flow\">\n<figure class=\"wp-block-image alignfull size-large\"><img loading=\"lazy\" decoding=\"async\" width=\"1024\" height=\"1024\" src=\"https:\/\/dereckpilonfleurent.com\/wp-content\/uploads\/2020\/10\/122389317_10224822354850799_3893485823025774161_o-1024x1024.jpg\" alt=\"\" class=\"wp-image-526\" srcset=\"https:\/\/dereckpilonfleurent.com\/wp-content\/uploads\/2020\/10\/122389317_10224822354850799_3893485823025774161_o-1024x1024.jpg 1024w, https:\/\/dereckpilonfleurent.com\/wp-content\/uploads\/2020\/10\/122389317_10224822354850799_3893485823025774161_o-300x300.jpg 300w, https:\/\/dereckpilonfleurent.com\/wp-content\/uploads\/2020\/10\/122389317_10224822354850799_3893485823025774161_o-150x150.jpg 150w, https:\/\/dereckpilonfleurent.com\/wp-content\/uploads\/2020\/10\/122389317_10224822354850799_3893485823025774161_o-768x768.jpg 768w, https:\/\/dereckpilonfleurent.com\/wp-content\/uploads\/2020\/10\/122389317_10224822354850799_3893485823025774161_o-1536x1536.jpg 1536w, https:\/\/dereckpilonfleurent.com\/wp-content\/uploads\/2020\/10\/122389317_10224822354850799_3893485823025774161_o.jpg 1828w\" sizes=\"auto, (max-width: 1024px) 100vw, 1024px\" \/><figcaption>Hi, everyone, my name is&nbsp;Dereck Pilon Fleurent, I am 29 years old, I live in Montreal and I am an&nbsp;<em>Anim TD<\/em>&nbsp;with a&nbsp;<em>bachelor\u2019s degree in 3D &amp; VFX.<\/em><\/figcaption><\/figure>\n\n\n\n<ul class=\"wp-block-list\"><li>Experienced professional in team management, programming and TD animation<\/li><li>Continuous improvement of technical processes and creative problem solving<\/li><li>Mobilizing leadership and effective communication to achieve results<\/li><li>Coaching and team training with openness and collaboration<\/li><li>A sense of organization and the ability to manage projects<\/li><\/ul>\n<\/div>\n\n\n\n<div class=\"wp-block-column is-layout-flow wp-block-column-is-layout-flow\">\n<h3>Programming languages<\/h3>\n\n\n\n<div class=\"wp-block-group\"><div class=\"wp-block-group__inner-container is-layout-flow wp-block-group-is-layout-flow\">\n<div class=\"wp-block-columns is-layout-flex wp-container-core-columns-is-layout-9d6595d7 wp-block-columns-is-layout-flex\">\n<div class=\"wp-block-column is-layout-flow wp-block-column-is-layout-flow\">\n<ul class=\"competence wp-block-list\"><li>Python \u2605\u2605\u2605\u2605\u2606<\/li><li>PyMel \u2605\u2605\u2605\u2605\u2606<\/li><li>C# \u2605\u2605\u2605\u2606\u2606<\/li><li>XML \u2605\u2605\u2605\u2606\u2606<\/li><\/ul>\n<\/div>\n\n\n\n<div class=\"wp-block-column is-layout-flow wp-block-column-is-layout-flow\">\n<ul class=\"competence wp-block-list\"><li>Json \u2605\u2605\u2605\u2606\u2606<\/li><li>Lua \u2605\u2605\u2605\u2606\u2606<\/li><li>C \u2605\u2605\u2606\u2606\u2606<\/li><li>C++ \u2605\u2605\u2606\u2606\u2606<\/li><\/ul>\n<\/div>\n<\/div>\n<\/div><\/div>\n\n\n\n<h3 class=\"wp-block-heading\">Software<\/h3>\n\n\n\n<div class=\"wp-block-columns is-layout-flex wp-container-core-columns-is-layout-9d6595d7 wp-block-columns-is-layout-flex\">\n<div class=\"wp-block-column is-layout-flow wp-block-column-is-layout-flow\">\n<ul class=\"competence wp-block-list\"><li>Maya \u2605\u2605\u2605\u2605\u2605<\/li><li>Photoshop \u2605\u2605\u2605\u2605\u2605<\/li><li>Jira \u2605\u2605\u2605\u2605\u2605<\/li><li>unity \u2605\u2605\u2605\u2605\u2606<\/li><li>Unreal Engine 4 \u2605\u2605\u2605\u2605\u2606<\/li><li>Sourcetree \u2605\u2605\u2605\u2605\u2606<\/li><li>Perforce (p4v) \u2605\u2605\u2605\u2605\u2606<\/li><li>Bitbucket \u2605\u2605\u2605\u2605\u2606<\/li><\/ul>\n<\/div>\n\n\n\n<div class=\"wp-block-column is-layout-flow wp-block-column-is-layout-flow\">\n<ul class=\"competence wp-block-list\"><li>3ds Max \u2605\u2605\u2605\u2605\u2606<\/li><li>Shotgun \u2605\u2605\u2605\u2605\u2606<\/li><li>Adobe suite \u2605\u2605\u2605\u2606\u2606<\/li><li>Softimage \u2605\u2605\u2605\u2606\u2606<\/li><li>Motionbuilder \u2605\u2605\u2605\u2606\u2606<\/li><li>Nuke \u2605\u2605\u2606\u2606\u2606<\/li><li>Zbrush \u2605\u2605\u2606\u2606\u2606<\/li><li>Houdini \u2605\u2606\u2606\u2606\u2606<\/li><\/ul>\n<\/div>\n<\/div>\n\n\n\n<div class=\"wp-block-group\"><div class=\"wp-block-group__inner-container is-layout-flow wp-block-group-is-layout-flow\">\n<h3 class=\"wp-block-heading\">Formations<\/h3>\n\n\n\n<div class=\"wp-block-group\"><div class=\"wp-block-group__inner-container is-layout-flow wp-block-group-is-layout-flow\">\n<div class=\"wp-block-columns is-layout-flex wp-container-core-columns-is-layout-9d6595d7 wp-block-columns-is-layout-flex\">\n<div class=\"wp-block-column is-layout-flow wp-block-column-is-layout-flow\" style=\"flex-basis:66.66%\">\n<ul class=\"wp-block-list\"><li><strong>First aid worker in the workplace &amp; RCR<\/strong><\/li><\/ul>\n\n\n\n<ul class=\"wp-block-list\"><li><strong>Bachelor&#8217;s degree in major in 3D creation (UQAT)<\/strong><\/li><\/ul>\n\n\n\n<ul class=\"wp-block-list\"><li><strong>Minor visual effect for film and television  (UQAT)<\/strong><\/li><\/ul>\n\n\n\n<ul class=\"wp-block-list\"><li><strong>Major in Video Game Design (UQAC)<\/strong><\/li><\/ul>\n\n\n\n<ul class=\"wp-block-list\"><li><strong>DEC in Multimedia Integration Techniques<\/strong> <strong>(C\u00e9gep Saint-J\u00e9r\u00f4me)<\/strong><\/li><\/ul>\n<\/div>\n\n\n\n<div class=\"wp-block-column is-layout-flow wp-block-column-is-layout-flow\" style=\"flex-basis:33.33%\">\n<p class=\"has-text-align-right\">September 2018<\/p>\n\n\n\n<p class=\"has-text-align-right\">2013- 2016<\/p>\n\n\n\n<p>  <\/p>\n\n\n\n<p class=\"has-text-align-right\">2013- 2016<\/p>\n\n\n\n<p>    <\/p>\n\n\n\n<p class=\"has-text-align-right\">15 cr\u00e9dits, 2012 &#8211; 2013<\/p>\n\n\n\n<p class=\"has-text-align-right\">2008 &#8211; 2012<\/p>\n<\/div>\n<\/div>\n<\/div><\/div>\n\n\n\n<div class=\"wp-block-group is-layout-flow wp-block-group-is-layout-flow\"><div class=\"wp-block-group__inner-container\"><\/div><\/div>\n\n\n\n<div class=\"wp-block-group is-layout-flow wp-block-group-is-layout-flow\"><div class=\"wp-block-group__inner-container\"><\/div><\/div>\n\n\n\n<div class=\"wp-block-group is-layout-flow wp-block-group-is-layout-flow\"><div class=\"wp-block-group__inner-container\"><\/div><\/div>\n\n\n\n<div class=\"wp-block-group is-layout-flow wp-block-group-is-layout-flow\"><div class=\"wp-block-group__inner-container\"><\/div><\/div>\n<\/div><\/div>\n<\/div>\n<\/div>\n\n\n\n<hr class=\"wp-block-separator is-style-default\"\/>\n\n\n\n<h2 class=\"wp-block-heading\">Project management experiences<\/h2>\n\n\n\n<div class=\"wp-block-columns is-layout-flex wp-container-core-columns-is-layout-9d6595d7 wp-block-columns-is-layout-flex\">\n<div class=\"wp-block-column is-layout-flow wp-block-column-is-layout-flow\" style=\"flex-basis:66.66%\">\n<h3 class=\"wp-block-heading\"><strong>Animator TD: Digital dimension<\/strong><\/h3>\n<\/div>\n\n\n\n<div class=\"wp-block-column is-layout-flow wp-block-column-is-layout-flow\" style=\"flex-basis:33.33%\">\n<p class=\"has-text-align-right\">March 2019 &#8211; to today<\/p>\n<\/div>\n<\/div>\n\n\n\n<p>Troubleshooting, technical support and technical assistance from a team of 34 facilitators; Design and animation of several technical training courses; Creation of documentation for the animation team.<\/p>\n\n\n\n<div class=\"wp-block-columns is-layout-flex wp-container-core-columns-is-layout-9d6595d7 wp-block-columns-is-layout-flex\">\n<div class=\"wp-block-column is-layout-flow wp-block-column-is-layout-flow\" style=\"flex-basis:66.66%\">\n<h3 class=\"wp-block-heading\"><strong>Technical artist Unity: Ludia<\/strong><\/h3>\n<\/div>\n\n\n\n<div class=\"wp-block-column is-layout-flow wp-block-column-is-layout-flow\" style=\"flex-basis:33.33%\">\n<p class=\"has-text-align-right\">February 2018 &#8211; February2019<\/p>\n<\/div>\n<\/div>\n\n\n\n<p>Responsible for bridging the gap between the artistic department and the developers; Technically support a team of 23 artists; Create documentation and train artists with new technologies; Help artists upgrade in Unity and Perforce, as well as provide technical support for the creative and marketing team.<\/p>\n\n\n\n<div class=\"wp-block-columns is-layout-flex wp-container-core-columns-is-layout-9d6595d7 wp-block-columns-is-layout-flex\">\n<div class=\"wp-block-column is-layout-flow wp-block-column-is-layout-flow\" style=\"flex-basis:66.66%\">\n<h3 class=\"wp-block-heading\"><strong>Nominal delegate at l\u2019accueil de la Diable : S\u00c9PAQ<\/strong><\/h3>\n<\/div>\n\n\n\n<div class=\"wp-block-column is-layout-flow wp-block-column-is-layout-flow\" style=\"flex-basis:33.33%\">\n<p class=\"has-text-align-right\">May 2015 \u2013 july 2016<\/p>\n<\/div>\n<\/div>\n\n\n\n<p>Manage a team of 12 employees; Train new employees (6); Improve work safety processes; Constant interdepartmental communication; Manage conflicts ; Manage supply and inventories; Create documentation for reception staff; Suggest innovative solutions to park management; Help manage and evaluate my team&#8217;s staff.<\/p>\n\n\n\n<hr class=\"wp-block-separator\"\/>\n\n\n\n<h2 class=\"wp-block-heading\">Programming and animation experiences<\/h2>\n\n\n\n<div class=\"wp-block-columns is-layout-flex wp-container-core-columns-is-layout-9d6595d7 wp-block-columns-is-layout-flex\">\n<div class=\"wp-block-column is-layout-flow wp-block-column-is-layout-flow\" style=\"flex-basis:66.66%\">\n<h3 class=\"wp-block-heading\"><strong>Animaor TD: Digital dimension<\/strong><\/h3>\n<\/div>\n\n\n\n<div class=\"wp-block-column is-layout-flow wp-block-column-is-layout-flow\" style=\"flex-basis:33.33%\">\n<p class=\"has-text-align-right\" id=\"tw-target-text\">March 2019 &#8211; Today<\/p>\n<\/div>\n<\/div>\n\n\n\n<p>Responsible for creating work tools for 3D animators and layout artists; Maintain, improve and automate existing pipeline tools and pipeline animation; Troubleshooting and technical alterations in animation scenes; Reviewed code in Bitbucket using Sourcetree and Shotgun while keeping track of my tasks in Jira.<\/p>\n\n\n\n<div class=\"wp-block-columns is-layout-flex wp-container-core-columns-is-layout-9d6595d7 wp-block-columns-is-layout-flex\">\n<div class=\"wp-block-column is-layout-flow wp-block-column-is-layout-flow\" style=\"flex-basis:66.66%\">\n<h3 class=\"wp-block-heading\"><strong>Technical artist Unity: Ludia<\/strong><\/h3>\n<\/div>\n\n\n\n<div class=\"wp-block-column is-layout-flow wp-block-column-is-layout-flow\" style=\"flex-basis:33.33%\">\n<p class=\"has-text-align-right\">February 2018 &#8211; February 2019<\/p>\n<\/div>\n<\/div>\n\n\n\n<div class=\"wp-block-columns is-layout-flex wp-container-core-columns-is-layout-9d6595d7 wp-block-columns-is-layout-flex\">\n<div class=\"wp-block-column is-vertically-aligned-top is-layout-flow wp-block-column-is-layout-flow\">\n<p>Perfect the artistic pipeline and work tools; Responsible for shaders; Responsible for making the VFX.<\/p>\n<\/div>\n<\/div>\n\n\n\n<div class=\"wp-block-columns is-layout-flex wp-container-core-columns-is-layout-9d6595d7 wp-block-columns-is-layout-flex\">\n<div class=\"wp-block-column is-layout-flow wp-block-column-is-layout-flow\" style=\"flex-basis:66.66%\">\n<h3 class=\"wp-block-heading\"><strong>Layout Technical Artist: On Animation Studio<\/strong><\/h3>\n<\/div>\n\n\n\n<div class=\"wp-block-column is-layout-flow wp-block-column-is-layout-flow\" style=\"flex-basis:33.33%\">\n<p class=\"has-text-align-right\" id=\"tw-target-text\">February 2017-January 2018<\/p>\n<\/div>\n<\/div>\n\n\n\n<p>Prepare scenes for the animators and the Pr\u00e9viz team; Make the dressing set for the scenes; Develop scripts to speed up team productivity; Textured and Colored the characters; Worked with Linux with Maya and Guerrilla.<\/p>\n\n\n\n<div class=\"wp-block-columns is-layout-flex wp-container-core-columns-is-layout-9d6595d7 wp-block-columns-is-layout-flex\">\n<div class=\"wp-block-column is-layout-flow wp-block-column-is-layout-flow\" style=\"flex-basis:66.66%\">\n<h3 class=\"wp-block-heading\">Fake Digital Entertainment<\/h3>\n<\/div>\n\n\n\n<div class=\"wp-block-column is-layout-flow wp-block-column-is-layout-flow\" style=\"flex-basis:33.33%\">\n<p class=\"has-text-align-right\">July 2016 &#8211; February 2017<\/p>\n<\/div>\n<\/div>\n\n\n\n<p>Rig characters and assets; Take care of renderings and quality control; Troubleshooting and technical alterations in animation scenes; Generate assets, light sets and bundle packages in Unity; Create and manage particle systems using Unity; Take care of the multimedia integration of the website.<\/p>\n\n\n\n<p><\/p>\n","protected":false},"excerpt":{"rendered":"<p>&hellip;<\/p>\n","protected":false},"author":1,"featured_media":0,"parent":0,"menu_order":0,"comment_status":"closed","ping_status":"closed","template":"","meta":{"footnotes":""},"class_list":["post-42","page","type-page","status-publish","hentry"],"_links":{"self":[{"href":"https:\/\/dereckpilonfleurent.com\/index.php?rest_route=\/wp\/v2\/pages\/42","targetHints":{"allow":["GET"]}}],"collection":[{"href":"https:\/\/dereckpilonfleurent.com\/index.php?rest_route=\/wp\/v2\/pages"}],"about":[{"href":"https:\/\/dereckpilonfleurent.com\/index.php?rest_route=\/wp\/v2\/types\/page"}],"author":[{"embeddable":true,"href":"https:\/\/dereckpilonfleurent.com\/index.php?rest_route=\/wp\/v2\/users\/1"}],"replies":[{"embeddable":true,"href":"https:\/\/dereckpilonfleurent.com\/index.php?rest_route=%2Fwp%2Fv2%2Fcomments&post=42"}],"version-history":[{"count":81,"href":"https:\/\/dereckpilonfleurent.com\/index.php?rest_route=\/wp\/v2\/pages\/42\/revisions"}],"predecessor-version":[{"id":725,"href":"https:\/\/dereckpilonfleurent.com\/index.php?rest_route=\/wp\/v2\/pages\/42\/revisions\/725"}],"wp:attachment":[{"href":"https:\/\/dereckpilonfleurent.com\/index.php?rest_route=%2Fwp%2Fv2%2Fmedia&parent=42"}],"curies":[{"name":"wp","href":"https:\/\/api.w.org\/{rel}","templated":true}]}}