{"id":603,"date":"2020-10-27T03:42:39","date_gmt":"2020-10-27T07:42:39","guid":{"rendered":"https:\/\/dereckpilonfleurent.com\/?page_id=603"},"modified":"2020-11-19T21:31:07","modified_gmt":"2020-11-20T01:31:07","slug":"gestion-de-project","status":"publish","type":"page","link":"https:\/\/dereckpilonfleurent.com\/?page_id=603","title":{"rendered":"Project Management"},"content":{"rendered":"\n<div class=\"wp-block-columns is-layout-flex wp-container-core-columns-is-layout-9d6595d7 wp-block-columns-is-layout-flex\">\n<div class=\"wp-block-column is-layout-flow wp-block-column-is-layout-flow\" style=\"flex-basis:66.66%\">\n<h3 class=\"wp-block-heading\">Tools challenge<\/h3>\n<\/div>\n\n\n\n<div class=\"wp-block-column is-layout-flow wp-block-column-is-layout-flow\" style=\"flex-basis:33.33%\">\n<p>2020 \u2013 to today<\/p>\n<\/div>\n<\/div>\n\n\n\n<p>Here is a board Trello where you will find all my programming challenges displayed as each were a tile in a JIRA. You will also find many examples of my expertise as each column represent a epic, the priority order is from left to right and top to bottom.<\/p>\n\n\n\n<figure class=\"wp-block-image size-large is-style-default\"><img loading=\"lazy\" decoding=\"async\" width=\"1024\" height=\"178\" src=\"https:\/\/dereckpilonfleurent.com\/wp-content\/uploads\/2020\/10\/challengeTool-1024x178.png\" alt=\"\" class=\"wp-image-608\" srcset=\"https:\/\/dereckpilonfleurent.com\/wp-content\/uploads\/2020\/10\/challengeTool-1024x178.png 1024w, https:\/\/dereckpilonfleurent.com\/wp-content\/uploads\/2020\/10\/challengeTool-300x52.png 300w, https:\/\/dereckpilonfleurent.com\/wp-content\/uploads\/2020\/10\/challengeTool-768x134.png 768w, https:\/\/dereckpilonfleurent.com\/wp-content\/uploads\/2020\/10\/challengeTool-1536x267.png 1536w, https:\/\/dereckpilonfleurent.com\/wp-content\/uploads\/2020\/10\/challengeTool.png 1920w\" sizes=\"auto, (max-width: 1024px) 100vw, 1024px\" \/><\/figure>\n\n\n\n<div class=\"wp-block-columns is-layout-flex wp-container-core-columns-is-layout-9d6595d7 wp-block-columns-is-layout-flex\">\n<div class=\"wp-block-column is-layout-flow wp-block-column-is-layout-flow\" style=\"flex-basis:66.66%\">\n<h3 class=\"wp-block-heading\"><em>Snow Fight<\/em> short film<\/h3>\n<\/div>\n\n\n\n<div class=\"wp-block-column is-layout-flow wp-block-column-is-layout-flow\" style=\"flex-basis:33.33%\">\n<p>2020 &#8211; to today<\/p>\n<\/div>\n<\/div>\n\n\n\n<p>The project <em>Snow Fight<\/em> was a challenge between friends to produce a short film that would push each other\u2019s competences to the maximum. The project uses outsourcing to cover all the different roles we could not complete ourselves. This project includes an animator, an Unreal technical integration artist, and me as project manager and pipeline TD. The Trello represents the creative pipeline of the project. You can find the inspirations, each steps of productions from left to right. The current project estimate is a minimum of three years.<\/p>\n\n\n\n<div class=\"wp-block-columns is-layout-flex wp-container-core-columns-is-layout-9d6595d7 wp-block-columns-is-layout-flex\">\n<div class=\"wp-block-column is-layout-flow wp-block-column-is-layout-flow\" style=\"flex-basis:66.66%\">\n<h3 class=\"wp-block-heading\">Plastic recycling initiative<\/h3>\n<\/div>\n\n\n\n<div class=\"wp-block-column is-layout-flow wp-block-column-is-layout-flow\" style=\"flex-basis:33.33%\">\n<p>September 2019 \u2013 July 2020<\/p>\n<\/div>\n<\/div>\n\n\n\n<p>The project start to evaluate if it would be possible to import an idea from Precious Plastic in Holland to improve the plastic recycle industry in Qu\u00e9bec. As part of the project, I had to talk with composite material specialist, experts on recycling centres, and complete a market analysis. My conclusion for the project is that it is too high risk to implement quickly without the help of heavy machineries to transform the plastic into 100% purified recast plastic. The expert have told me that the impurity of the plastic creates a greater chance of breakage and to cause damage for the client\u2019s product. For these reasons, the projects has been stopped and put aside for now. The project gave me the chance to do a market analysis and to understand each steps related to the cost and consequences of the sale strategy of selling a product.<\/p>\n\n\n\n<div class=\"wp-block-columns is-layout-flex wp-container-core-columns-is-layout-9d6595d7 wp-block-columns-is-layout-flex\">\n<div class=\"wp-block-column is-layout-flow wp-block-column-is-layout-flow\" style=\"flex-basis:66.66%\">\n<h3 class=\"wp-block-heading\">Little Knight of Everyday<\/h3>\n<\/div>\n\n\n\n<div class=\"wp-block-column is-layout-flow wp-block-column-is-layout-flow\" style=\"flex-basis:33.33%\">\n<p>2018 &#8211; to today<\/p>\n<\/div>\n<\/div>\n\n\n\n<p>Little Knight of Everyday est un concept de jeu mobile pour jeune d\u00e9velopper pour me permette de conserver mes comp\u00e9tences dans Unity et me pousser a r\u00e9aliser un jeu narrative et multi-joueur. Inspir\u00e9 du concours Ubisoft que j&#8217;ai passer dans le passer le projet pr\u00e9sente 2 personnages avec des habilit\u00e9 atypique, le jeu veux \u00eatre offert en joueur solo et a 2, le but \u00e9tait de r\u00e9aliser un jeu qui se joue en wifi local sur t\u00e9l\u00e9phone mobile. Le projet pr\u00e9sente plusieurs tableau Trello, dont le plus complet qui pr\u00e9sente les m\u00e9canique de jeu, l&#8217;inspiration, le d\u00e9but de la r\u00e9alisation du monde r\u00e9aliser en maya et Unity. <\/p>\n\n\n\n<h3 class=\"wp-block-heading\">Philosophy of documentation creation<\/h3>\n\n\n\n<p>My documentation philosophy is high level documentation written with high level technical language, mixed with images and gif or small explanatory video that helps the artist better understand the technology.<\/p>\n\n\n\n<p>Past experience was to understand the frustration of artists who reserved patronizing material until they did not understand what was reading. After having tested this method in my experience for SEPAQ, at Ludia and at Digital Dimension, I realize that this documentation model is strongly appreciated by using them all over the place. This makes it easier for people to understand visually. In addition, it allows a step by step formula of reproduction to explain well.<\/p>\n\n\n\n<p>In my job as a S\u00e9paq team leader, I redid the new employer&#8217;s guide, which summarized the introduction to all the new ones for the scenarios found in the park, which explained each situation. Even more complex situations advise the more experienced employee, in this way the guide was useful even to the former in case of doubt. At Ludia, I did documentation for each technical process used in the artistic team in relation to unity and perforce using confluence. At digital dimension I made the foundation of the first documentation of the animation team which presents all the working tools, the stages when it integrates the team, which presents the projects, the frequently asked questions (FAQ).<\/p>\n\n\n\n<h3 class=\"wp-block-heading\">Technical skills assessment.<\/h3>\n\n\n\n<p>My philosophy at this level is to create a grid for each team that assesses the technical and artistic skills of each employee. In this way, we create a grid of expectations of a junior, intermediate, senior in the team, during follow-up with the employee it is possible with this grid to work with their career objective to achieve these objectives and this allows better target targeted training for the team for better personal development of the team.<\/p>\n\n\n\n<h5 class=\"wp-block-heading\">For a Background Artiste the grid i would create will be something like this:<\/h5>\n\n\n\n<figure class=\"wp-block-table\"><table><tbody><tr><td><\/td><td class=\"has-text-align-center\" data-align=\"center\">Cartoon<\/td><td class=\"has-text-align-center\" data-align=\"center\">Realistic<\/td><td class=\"has-text-align-center\" data-align=\"center\">Ui<\/td><td class=\"has-text-align-center\" data-align=\"center\">Support<\/td><td class=\"has-text-align-center\" data-align=\"center\">Documentation<\/td><td class=\"has-text-align-center\" data-align=\"center\">tech knowledge<\/td><\/tr><tr><td>Junior<\/td><td class=\"has-text-align-center\" data-align=\"center\"><a href=\"http:\/\/www.i2symbol.com\/symbols\/check\/x2705-white-heavy-check-mark-symbol-check-symbol-smiley-face\">\u2705<\/a>or <strong>\u231b<\/strong><\/td><td class=\"has-text-align-center\" data-align=\"center\"><a href=\"http:\/\/www.i2symbol.com\/symbols\/check\/x2705-white-heavy-check-mark-symbol-check-symbol-smiley-face\">\u2705<\/a> or<strong>\u231b<\/strong><\/td><td class=\"has-text-align-center\" data-align=\"center\"><a href=\"http:\/\/www.i2symbol.com\/symbols\/check\/x274C-cross-mark-symbol-check-symbol-smiley-face\">\u274c<\/a><\/td><td class=\"has-text-align-center\" data-align=\"center\"><a href=\"http:\/\/www.i2symbol.com\/symbols\/check\/x274C-cross-mark-symbol-check-symbol-smiley-face\">\u274c<\/a><\/td><td class=\"has-text-align-center\" data-align=\"center\"><a href=\"http:\/\/www.i2symbol.com\/symbols\/check\/x274C-cross-mark-symbol-check-symbol-smiley-face\">\u274c<\/a><\/td><td class=\"has-text-align-center\" data-align=\"center\"><strong>\u231b<\/strong><\/td><\/tr><tr><td>Intermediaire<\/td><td class=\"has-text-align-center\" data-align=\"center\"><a href=\"http:\/\/www.i2symbol.com\/symbols\/check\/x2705-white-heavy-check-mark-symbol-check-symbol-smiley-face\">\u2705<\/a><\/td><td class=\"has-text-align-center\" data-align=\"center\"><a href=\"http:\/\/www.i2symbol.com\/symbols\/check\/x2705-white-heavy-check-mark-symbol-check-symbol-smiley-face\">\u2705<\/a><\/td><td class=\"has-text-align-center\" data-align=\"center\"><strong>\u231b<\/strong><\/td><td class=\"has-text-align-center\" data-align=\"center\"><strong>\u231b<\/strong><\/td><td class=\"has-text-align-center\" data-align=\"center\"><a href=\"http:\/\/www.i2symbol.com\/symbols\/check\/x274C-cross-mark-symbol-check-symbol-smiley-face\">\u274c<\/a><\/td><td class=\"has-text-align-center\" data-align=\"center\"><strong>\u231b<\/strong><\/td><\/tr><tr><td>Senior<\/td><td class=\"has-text-align-center\" data-align=\"center\"><a href=\"http:\/\/www.i2symbol.com\/symbols\/check\/x2705-white-heavy-check-mark-symbol-check-symbol-smiley-face\">\u2705<\/a><\/td><td class=\"has-text-align-center\" data-align=\"center\"><a href=\"http:\/\/www.i2symbol.com\/symbols\/check\/x2705-white-heavy-check-mark-symbol-check-symbol-smiley-face\">\u2705<\/a><\/td><td class=\"has-text-align-center\" data-align=\"center\"><a href=\"http:\/\/www.i2symbol.com\/symbols\/check\/x2705-white-heavy-check-mark-symbol-check-symbol-smiley-face\">\u2705<\/a><\/td><td class=\"has-text-align-center\" data-align=\"center\"><a href=\"http:\/\/www.i2symbol.com\/symbols\/check\/x2705-white-heavy-check-mark-symbol-check-symbol-smiley-face\">\u2705<\/a><\/td><td class=\"has-text-align-center\" data-align=\"center\"><a href=\"http:\/\/www.i2symbol.com\/symbols\/check\/x2705-white-heavy-check-mark-symbol-check-symbol-smiley-face\">\u2705<\/a><\/td><td class=\"has-text-align-center\" data-align=\"center\"><strong>\u231b<\/strong><\/td><\/tr><\/tbody><\/table><\/figure>\n\n\n\n<p><\/p>\n\n\n\n<p><\/p>\n\n\n\n<p><\/p>\n","protected":false},"excerpt":{"rendered":"<p>&hellip;<\/p>\n","protected":false},"author":1,"featured_media":0,"parent":0,"menu_order":0,"comment_status":"closed","ping_status":"closed","template":"","meta":{"footnotes":""},"class_list":["post-603","page","type-page","status-publish","hentry"],"_links":{"self":[{"href":"https:\/\/dereckpilonfleurent.com\/index.php?rest_route=\/wp\/v2\/pages\/603","targetHints":{"allow":["GET"]}}],"collection":[{"href":"https:\/\/dereckpilonfleurent.com\/index.php?rest_route=\/wp\/v2\/pages"}],"about":[{"href":"https:\/\/dereckpilonfleurent.com\/index.php?rest_route=\/wp\/v2\/types\/page"}],"author":[{"embeddable":true,"href":"https:\/\/dereckpilonfleurent.com\/index.php?rest_route=\/wp\/v2\/users\/1"}],"replies":[{"embeddable":true,"href":"https:\/\/dereckpilonfleurent.com\/index.php?rest_route=%2Fwp%2Fv2%2Fcomments&post=603"}],"version-history":[{"count":12,"href":"https:\/\/dereckpilonfleurent.com\/index.php?rest_route=\/wp\/v2\/pages\/603\/revisions"}],"predecessor-version":[{"id":630,"href":"https:\/\/dereckpilonfleurent.com\/index.php?rest_route=\/wp\/v2\/pages\/603\/revisions\/630"}],"wp:attachment":[{"href":"https:\/\/dereckpilonfleurent.com\/index.php?rest_route=%2Fwp%2Fv2%2Fmedia&parent=603"}],"curies":[{"name":"wp","href":"https:\/\/api.w.org\/{rel}","templated":true}]}}